{"id":1866,"date":"2015-07-16T09:12:51","date_gmt":"2015-07-16T09:12:51","guid":{"rendered":"http:\/\/www.lacotel.ch\/wp\/?page_id=1866"},"modified":"2022-06-30T16:45:36","modified_gmt":"2022-06-30T15:45:36","slug":"contact","status":"publish","type":"page","link":"https:\/\/www.lacotel.ch\/de\/contact\/","title":{"rendered":"Contact"},"content":{"rendered":"<div  class='av_gmaps_sc_main_wrap av_gmaps_main_wrap '><div id='av_gmap_0' class='avia-google-map-container avia-google-map-sc av_gmaps_show_unconditionally av-no-fallback-img ' data-mapid='av_gmap_0'  style='height: 550px;'><a class=\"av_gmaps_browser_disabled av_text_confirm_link av_text_confirm_link_visible\" href=\"https:\/\/www.google.com\/maps\/search\/?api=1&#038;query=Les%20Joncs%20%201580%20Avenches%20%20Suisse\" target=\"_blank\" rel=\"noopener\">Aufgrund deiner Datenschutz-Einstellungen k\u00f6nnen wir Ihnen die Karte nicht anzeigen. Klicken Sie hier, um die Karte in einem neuen Fenster zu \u00f6ffnen.<\/a><\/div><\/div>\n<div id='av_section_1'  class='avia-section av-3a2jes-1d5b393293bd7c7bf2e69e13ca6ed2fe main_color avia-section-default avia-no-border-styling  avia-builder-el-1  el_after_av_google_map  avia-builder-el-last  avia-bg-style-scroll container_wrap fullsize'  ><div class='container av-section-cont-open' ><div class='template-page content  av-content-full alpha units'><div class='post-entry post-entry-type-page post-entry-1866'><div class='entry-content-wrapper clearfix'>\n\n<style type=\"text\/css\" data-created_by=\"avia_inline_auto\" id=\"style-css-av-24i84k-81c3e6845f4184fb5a2498aa54e76c5c\">\n#top .flex_column.av-24i84k-81c3e6845f4184fb5a2498aa54e76c5c{\nmargin-top:-200px;\nmargin-bottom:0px;\n}\n.flex_column.av-24i84k-81c3e6845f4184fb5a2498aa54e76c5c{\n-webkit-border-radius:0px 0px 0px 0px;\n-moz-border-radius:0px 0px 0px 0px;\nborder-radius:0px 0px 0px 0px;\npadding:30px 30px 30px 30px;\nbackground-color:#ffffff;\n}\n.responsive #top #wrap_all .flex_column.av-24i84k-81c3e6845f4184fb5a2498aa54e76c5c{\nmargin-top:-200px;\nmargin-bottom:0px;\n}\n<\/style>\n<div class='flex_column av-24i84k-81c3e6845f4184fb5a2498aa54e76c5c av_one_half  avia-builder-el-2  el_before_av_one_half  avia-builder-el-first  first av-break-at-tablet flex_column_div '     ><p>\n<style type=\"text\/css\" data-created_by=\"avia_inline_auto\" id=\"style-css-av-103i4-c60fd8a0225da75b1d0b9108ad1f3544\">\n#top .av-special-heading.av-103i4-c60fd8a0225da75b1d0b9108ad1f3544{\npadding-bottom:20px;\nfont-size:40px;\n}\nbody .av-special-heading.av-103i4-c60fd8a0225da75b1d0b9108ad1f3544 .av-special-heading-tag .heading-char{\nfont-size:25px;\n}\n#top #wrap_all .av-special-heading.av-103i4-c60fd8a0225da75b1d0b9108ad1f3544 .av-special-heading-tag{\nfont-size:40px;\n}\n.av-special-heading.av-103i4-c60fd8a0225da75b1d0b9108ad1f3544 .av-subheading{\nfont-size:15px;\n}\n\n@media only screen and (min-width: 480px) and (max-width: 767px){ \n#top #wrap_all .av-special-heading.av-103i4-c60fd8a0225da75b1d0b9108ad1f3544 .av-special-heading-tag{\nfont-size:0.8em;\n}\n}\n\n@media only screen and (max-width: 479px){ \n#top #wrap_all .av-special-heading.av-103i4-c60fd8a0225da75b1d0b9108ad1f3544 .av-special-heading-tag{\nfont-size:0.8em;\n}\n}\n<\/style>\n<div  class='av-special-heading av-103i4-c60fd8a0225da75b1d0b9108ad1f3544 av-special-heading-h1 blockquote modern-quote modern-centered  avia-builder-el-3  el_before_av_codeblock  avia-builder-el-first  av-inherit-size'><h1 class='av-special-heading-tag'  itemprop=\"headline\"  >Kontaktformular<\/h1><div class=\"special-heading-border\"><div class=\"special-heading-inner-border\"><\/div><\/div><\/div><br \/>\n<\/p><\/div>\n<style type=\"text\/css\" data-created_by=\"avia_inline_auto\" id=\"style-css-av-31uv4c-a0c75bb77a4520bb2bc16de37ff1ffd8\">\n#top .flex_column.av-31uv4c-a0c75bb77a4520bb2bc16de37ff1ffd8{\nmargin-top:-200px;\nmargin-bottom:0px;\n}\n.flex_column.av-31uv4c-a0c75bb77a4520bb2bc16de37ff1ffd8{\n-webkit-border-radius:0px 0px 0px 0px;\n-moz-border-radius:0px 0px 0px 0px;\nborder-radius:0px 0px 0px 0px;\npadding:30px 30px 30px 30px;\nbackground-color:#ffffff;\n}\n.responsive #top #wrap_all .flex_column.av-31uv4c-a0c75bb77a4520bb2bc16de37ff1ffd8{\nmargin-top:-200px;\nmargin-bottom:0px;\n}\n<\/style>\n<div class='flex_column av-31uv4c-a0c75bb77a4520bb2bc16de37ff1ffd8 av_one_half  avia-builder-el-5  el_after_av_one_half  avia-builder-el-last  av-break-at-tablet flex_column_div '     ><p>\n<style type=\"text\/css\" data-created_by=\"avia_inline_auto\" id=\"style-css-av-nt3tw-bfd0a3f4979907acd8cc9b2f41195df0\">\n#top .av-special-heading.av-nt3tw-bfd0a3f4979907acd8cc9b2f41195df0{\npadding-bottom:20px;\nfont-size:40px;\n}\nbody .av-special-heading.av-nt3tw-bfd0a3f4979907acd8cc9b2f41195df0 .av-special-heading-tag .heading-char{\nfont-size:25px;\n}\n#top #wrap_all .av-special-heading.av-nt3tw-bfd0a3f4979907acd8cc9b2f41195df0 .av-special-heading-tag{\nfont-size:40px;\n}\n.av-special-heading.av-nt3tw-bfd0a3f4979907acd8cc9b2f41195df0 .av-subheading{\nfont-size:15px;\n}\n\n@media only screen and (min-width: 480px) and (max-width: 767px){ \n#top #wrap_all .av-special-heading.av-nt3tw-bfd0a3f4979907acd8cc9b2f41195df0 .av-special-heading-tag{\nfont-size:0.8em;\n}\n}\n\n@media only screen and (max-width: 479px){ \n#top #wrap_all .av-special-heading.av-nt3tw-bfd0a3f4979907acd8cc9b2f41195df0 .av-special-heading-tag{\nfont-size:0.8em;\n}\n}\n<\/style>\n<div  class='av-special-heading av-nt3tw-bfd0a3f4979907acd8cc9b2f41195df0 av-special-heading-h1 blockquote modern-quote modern-centered  avia-builder-el-6  el_before_av_icon_box  avia-builder-el-first  av-inherit-size'><h1 class='av-special-heading-tag'  itemprop=\"headline\"  >Koordinaten<\/h1><div class=\"special-heading-border\"><div class=\"special-heading-inner-border\"><\/div><\/div><\/div><br \/>\n\n<style type=\"text\/css\" data-created_by=\"avia_inline_auto\" id=\"style-css-av-kzmu4py1-8edcf1afe8dda9dc6ae4a4c885aee9f4\">\n.iconbox.av-kzmu4py1-8edcf1afe8dda9dc6ae4a4c885aee9f4 .iconbox_icon{\ncolor:#de673a;\n}\n<\/style>\n<article  class='iconbox iconbox_left_content av-kzmu4py1-8edcf1afe8dda9dc6ae4a4c885aee9f4 av-icon-style-no-border  avia-builder-el-7  el_after_av_heading  el_before_av_icon_box  trs-contact-card trs-animation animate__slideInRight'  itemscope=\"itemscope\" itemtype=\"https:\/\/schema.org\/CreativeWork\" ><div class=\"iconbox_icon heading-color\" aria-hidden='true' data-av_icon='\ue842' data-av_iconfont='entypo-fontello'><\/div><div class=\"iconbox_content\"><header class=\"entry-content-header\"><h3 class='iconbox_content_title '  itemprop=\"headline\" >Lacotel H\u00f4tel &amp; Restaurant<\/h3><\/header><div class='iconbox_content_container '  itemprop=\"text\" ><p>Siffert Lacotel SA<br \/>\nRoute de Salavaux 2<br \/>\n1580 Avenches VD<br \/>\nSwitzerland<\/p>\n<\/div><\/div><footer class=\"entry-footer\"><\/footer><\/article><br \/>\n\n<style type=\"text\/css\" data-created_by=\"avia_inline_auto\" id=\"style-css-av-kzmu87l2-b460598edceb6ef497d48d40f10d18a8\">\n.iconbox.av-kzmu87l2-b460598edceb6ef497d48d40f10d18a8 .iconbox_icon{\ncolor:#de673a;\n}\n<\/style>\n<article  class='iconbox iconbox_left_content av-kzmu87l2-b460598edceb6ef497d48d40f10d18a8 av-icon-style-no-border  avia-builder-el-8  el_after_av_icon_box  el_before_av_icon_box  trs-contact-card trs-animation animate__slideInRight'  itemscope=\"itemscope\" itemtype=\"https:\/\/schema.org\/CreativeWork\" ><div class=\"iconbox_icon heading-color\" aria-hidden='true' data-av_icon='\ue862' data-av_iconfont='entypo-fontello'><\/div><div class=\"iconbox_content\"><header class=\"entry-content-header\"><h3 class='iconbox_content_title '  itemprop=\"headline\" >Zeitplan<\/h3><\/header><div class='iconbox_content_container '  itemprop=\"text\" ><p><strong>Restaurant :<br \/>\n<\/strong> Geschlossen Dienstag und Mittwoch<\/p>\n<p>(Mittwoch am Abend, restaurant offen f\u00fcr die H\u00f4tel G\u00e4ste)<\/p>\n<p style=\"text-align: left;\"><strong>Hotel:<br \/>\n<\/strong> Offen 7\/7<\/p>\n<\/div><\/div><footer class=\"entry-footer\"><\/footer><\/article><br \/>\n\n<style type=\"text\/css\" data-created_by=\"avia_inline_auto\" id=\"style-css-av-kzmu62fu-f0cfa5cc87a73b89bee601f475d7959f\">\n.iconbox.av-kzmu62fu-f0cfa5cc87a73b89bee601f475d7959f .iconbox_icon{\ncolor:#de673a;\n}\n<\/style>\n<article  class='iconbox iconbox_left_content av-kzmu62fu-f0cfa5cc87a73b89bee601f475d7959f av-icon-style-no-border  avia-builder-el-9  el_after_av_icon_box  el_before_av_icon_box  trs-contact-card trs-animation animate__slideInRight'  itemscope=\"itemscope\" itemtype=\"https:\/\/schema.org\/CreativeWork\" ><div class=\"iconbox_icon heading-color\" aria-hidden='true' data-av_icon='\ue854' data-av_iconfont='entypo-fontello'><\/div><div class=\"iconbox_content\"><header class=\"entry-content-header\"><h3 class='iconbox_content_title '  itemprop=\"headline\" >Telefon<\/h3><\/header><div class='iconbox_content_container '  itemprop=\"text\" ><p><a href=\"tel:+41 26 675 34 44\"> +41 (0) 26 675 34 44<\/a><\/p>\n<\/div><\/div><footer class=\"entry-footer\"><\/footer><\/article><br \/>\n\n<style type=\"text\/css\" data-created_by=\"avia_inline_auto\" id=\"style-css-av-kzmu6may-56153f538efb1bdc7f571704bfe47346\">\n.iconbox.av-kzmu6may-56153f538efb1bdc7f571704bfe47346 .iconbox_icon{\ncolor:#de673a;\n}\n<\/style>\n<article  class='iconbox iconbox_left_content av-kzmu6may-56153f538efb1bdc7f571704bfe47346 av-icon-style-no-border  avia-builder-el-10  el_after_av_icon_box  avia-builder-el-last  trs-contact-card trs-animation animate__slideInRight'  itemscope=\"itemscope\" itemtype=\"https:\/\/schema.org\/CreativeWork\" ><div class=\"iconbox_icon heading-color\" aria-hidden='true' data-av_icon='\ue805' data-av_iconfont='entypo-fontello'><\/div><div class=\"iconbox_content\"><header class=\"entry-content-header\"><h3 class='iconbox_content_title '  itemprop=\"headline\" >Email<\/h3><\/header><div class='iconbox_content_container '  itemprop=\"text\" ><p><a href=\"&#x6d;&#97;&#x69;&#x6c;&#116;&#x6f;&#x3a;&#108;&#x61;&#x63;&#111;&#x74;&#x65;l&#x40;&#x6c;a&#x63;&#111;t&#x65;&#108;&#46;&#x63;&#104;\">&#x6c;&#x61;&#x63;&#x6f;&#x74;&#x65;&#108;&#64;&#108;&#97;cote&#x6c;&#x2e;&#x63;&#x68;<\/a><\/p>\n<\/div><\/div><footer class=\"entry-footer\"><\/footer><\/article><\/p><\/div>\n","protected":false},"excerpt":{"rendered":"","protected":false},"author":1,"featured_media":0,"parent":0,"menu_order":0,"comment_status":"closed","ping_status":"closed","template":"","meta":{"_acf_changed":false,"inline_featured_image":false,"footnotes":""},"class_list":["post-1866","page","type-page","status-publish","hentry"],"acf":[],"yoast_head":"<!-- This site is optimized with the Yoast SEO plugin v22.4 - https:\/\/yoast.com\/wordpress\/plugins\/seo\/ -->\n<title>Contact - Lacotel<\/title>\n<meta name=\"robots\" content=\"index, follow, max-snippet:-1, max-image-preview:large, max-video-preview:-1\" \/>\n<link rel=\"canonical\" href=\"https:\/\/www.lacotel.ch\/de\/contact\/\" \/>\n<meta property=\"og:locale\" content=\"de_DE\" \/>\n<meta property=\"og:type\" content=\"article\" \/>\n<meta property=\"og:title\" content=\"Contact - Lacotel\" \/>\n<meta property=\"og:url\" content=\"https:\/\/www.lacotel.ch\/de\/contact\/\" \/>\n<meta property=\"og:site_name\" content=\"Lacotel\" \/>\n<meta property=\"article:modified_time\" content=\"2022-06-30T15:45:36+00:00\" \/>\n<meta name=\"twitter:card\" content=\"summary_large_image\" \/>\n<meta name=\"twitter:label1\" content=\"Est. reading time\" \/>\n\t<meta name=\"twitter:data1\" content=\"5 minutes\" \/>\n<script type=\"application\/ld+json\" class=\"yoast-schema-graph\">{\"@context\":\"https:\/\/schema.org\",\"@graph\":[{\"@type\":\"WebPage\",\"@id\":\"https:\/\/www.lacotel.ch\/de\/contact\/\",\"url\":\"https:\/\/www.lacotel.ch\/de\/contact\/\",\"name\":\"Contact - Lacotel\",\"isPartOf\":{\"@id\":\"https:\/\/www.lacotel.ch\/#website\"},\"datePublished\":\"2015-07-16T09:12:51+00:00\",\"dateModified\":\"2022-06-30T15:45:36+00:00\",\"breadcrumb\":{\"@id\":\"https:\/\/www.lacotel.ch\/de\/contact\/#breadcrumb\"},\"inLanguage\":\"de-DE\",\"potentialAction\":[{\"@type\":\"ReadAction\",\"target\":[\"https:\/\/www.lacotel.ch\/de\/contact\/\"]}]},{\"@type\":\"BreadcrumbList\",\"@id\":\"https:\/\/www.lacotel.ch\/de\/contact\/#breadcrumb\",\"itemListElement\":[{\"@type\":\"ListItem\",\"position\":1,\"name\":\"Accueil\",\"item\":\"https:\/\/www.lacotel.ch\/de\/restaurant-hotel-avenches\/\"},{\"@type\":\"ListItem\",\"position\":2,\"name\":\"Contact\"}]},{\"@type\":\"WebSite\",\"@id\":\"https:\/\/www.lacotel.ch\/#website\",\"url\":\"https:\/\/www.lacotel.ch\/\",\"name\":\"Lacotel\",\"description\":\"\",\"potentialAction\":[{\"@type\":\"SearchAction\",\"target\":{\"@type\":\"EntryPoint\",\"urlTemplate\":\"https:\/\/www.lacotel.ch\/?s={search_term_string}\"},\"query-input\":\"required name=search_term_string\"}],\"inLanguage\":\"de-DE\"}]}<\/script>\n<!-- \/ Yoast SEO plugin. -->","yoast_head_json":{"title":"Contact - Lacotel","robots":{"index":"index","follow":"follow","max-snippet":"max-snippet:-1","max-image-preview":"max-image-preview:large","max-video-preview":"max-video-preview:-1"},"canonical":"https:\/\/www.lacotel.ch\/de\/contact\/","og_locale":"de_DE","og_type":"article","og_title":"Contact - Lacotel","og_url":"https:\/\/www.lacotel.ch\/de\/contact\/","og_site_name":"Lacotel","article_modified_time":"2022-06-30T15:45:36+00:00","twitter_card":"summary_large_image","twitter_misc":{"Est. reading time":"5 minutes"},"schema":{"@context":"https:\/\/schema.org","@graph":[{"@type":"WebPage","@id":"https:\/\/www.lacotel.ch\/de\/contact\/","url":"https:\/\/www.lacotel.ch\/de\/contact\/","name":"Contact - Lacotel","isPartOf":{"@id":"https:\/\/www.lacotel.ch\/#website"},"datePublished":"2015-07-16T09:12:51+00:00","dateModified":"2022-06-30T15:45:36+00:00","breadcrumb":{"@id":"https:\/\/www.lacotel.ch\/de\/contact\/#breadcrumb"},"inLanguage":"de-DE","potentialAction":[{"@type":"ReadAction","target":["https:\/\/www.lacotel.ch\/de\/contact\/"]}]},{"@type":"BreadcrumbList","@id":"https:\/\/www.lacotel.ch\/de\/contact\/#breadcrumb","itemListElement":[{"@type":"ListItem","position":1,"name":"Accueil","item":"https:\/\/www.lacotel.ch\/de\/restaurant-hotel-avenches\/"},{"@type":"ListItem","position":2,"name":"Contact"}]},{"@type":"WebSite","@id":"https:\/\/www.lacotel.ch\/#website","url":"https:\/\/www.lacotel.ch\/","name":"Lacotel","description":"","potentialAction":[{"@type":"SearchAction","target":{"@type":"EntryPoint","urlTemplate":"https:\/\/www.lacotel.ch\/?s={search_term_string}"},"query-input":"required name=search_term_string"}],"inLanguage":"de-DE"}]}},"publishpress_future_action":{"enabled":false,"date":"2026-04-28 22:56:12","action":"change-status","newStatus":"draft","terms":[],"taxonomy":"translation_priority"},"_links":{"self":[{"href":"https:\/\/www.lacotel.ch\/de\/wp-json\/wp\/v2\/pages\/1866","targetHints":{"allow":["GET"]}}],"collection":[{"href":"https:\/\/www.lacotel.ch\/de\/wp-json\/wp\/v2\/pages"}],"about":[{"href":"https:\/\/www.lacotel.ch\/de\/wp-json\/wp\/v2\/types\/page"}],"author":[{"embeddable":true,"href":"https:\/\/www.lacotel.ch\/de\/wp-json\/wp\/v2\/users\/1"}],"replies":[{"embeddable":true,"href":"https:\/\/www.lacotel.ch\/de\/wp-json\/wp\/v2\/comments?post=1866"}],"version-history":[{"count":14,"href":"https:\/\/www.lacotel.ch\/de\/wp-json\/wp\/v2\/pages\/1866\/revisions"}],"predecessor-version":[{"id":7572,"href":"https:\/\/www.lacotel.ch\/de\/wp-json\/wp\/v2\/pages\/1866\/revisions\/7572"}],"wp:attachment":[{"href":"https:\/\/www.lacotel.ch\/de\/wp-json\/wp\/v2\/media?parent=1866"}],"curies":[{"name":"wp","href":"https:\/\/api.w.org\/{rel}","templated":true}]}}